{"id":245,"date":"2023-08-17T20:57:28","date_gmt":"2023-08-17T20:57:28","guid":{"rendered":"https:\/\/auntierosechildcare.com\/?page_id=245"},"modified":"2023-10-24T16:53:52","modified_gmt":"2023-10-24T16:53:52","slug":"learning-experience","status":"publish","type":"page","link":"https:\/\/auntierosechildcare.com\/es\/learning-experience\/","title":{"rendered":"Experiencia de aprendizaje"},"content":{"rendered":"<div data-elementor-type=\"wp-page\" data-elementor-id=\"245\" class=\"elementor elementor-245\" data-elementor-post-type=\"page\">\n\t\t\t\t\t\t<section class=\"elementor-section elementor-top-section elementor-element elementor-element-19012ad elementor-section-stretched scheme_dark sc_bg_mask_8 elementor-section-boxed elementor-section-height-default elementor-section-height-default sc_fly_static\" data-id=\"19012ad\" data-element_type=\"section\" data-e-type=\"section\" data-settings=\"{&quot;stretch_section&quot;:&quot;section-stretched&quot;,&quot;background_background&quot;:&quot;classic&quot;}\">\n\t\t\t\t\t\t<div class=\"elementor-container elementor-column-gap-extended\">\n\t\t\t\t\t<div class=\"elementor-column elementor-col-100 elementor-top-column elementor-element elementor-element-29b464d sc_content_align_inherit sc_layouts_column_icons_position_left sc_fly_static\" data-id=\"29b464d\" data-element_type=\"column\" data-e-type=\"column\">\n\t\t\t<div class=\"elementor-widget-wrap elementor-element-populated\">\n\t\t\t\t\t\t<div class=\"elementor-element elementor-element-ddb171d sc_fly_static elementor-widget elementor-widget-trx_sc_title\" data-id=\"ddb171d\" data-element_type=\"widget\" data-e-type=\"widget\" data-widget_type=\"trx_sc_title.default\">\n\t\t\t\t<div class=\"elementor-widget-container\">\n\t\t\t\t\t<div\t\tclass=\"sc_title sc_title_default\"><span class=\"sc_item_subtitle sc_title_subtitle sc_align_center sc_item_subtitle_above sc_item_title_style_default\">Subtitle<\/span><h1 class=\"sc_item_title sc_title_title sc_align_center sc_item_title_style_default sc_item_title_tag trx_addons_inline_1984270378\"\n\t\t\t><span class=\"sc_item_title_text\">Learning Experience\u200b<\/span><\/h1><div class=\"sc_item_descr sc_title_descr sc_align_center\"><p>Some description text for this item<\/p>\n<\/div><\/div>\t\t\t\t<\/div>\n\t\t\t\t<\/div>\n\t\t\t\t<div class=\"elementor-element elementor-element-883e78f sc_fly_static elementor-widget elementor-widget-text-editor\" data-id=\"883e78f\" data-element_type=\"widget\" data-e-type=\"widget\" data-widget_type=\"text-editor.default\">\n\t\t\t\t<div class=\"elementor-widget-container\">\n\t\t\t\t\t\t\t\t\t<p><span style=\"color: #474446; font-family: Woodford_bournethin, sans-serif; font-size: 20px; font-style: normal; font-weight: 100; text-align: start;\">En nuestro centro de aprendizaje de la primera infancia, creemos que los ni\u00f1os aprenden mejor a trav\u00e9s del juego y la exploraci\u00f3n. Entendemos que los ni\u00f1os tienen una curiosidad natural sobre el mundo que les rodea y nos esforzamos por proporcionar un ambiente seguro y acogedor que fomente esta curiosidad.<\/span><\/p>\t\t\t\t\t\t\t\t<\/div>\n\t\t\t\t<\/div>\n\t\t\t\t<div class=\"elementor-element elementor-element-e6e1ad6 sc_fly_static elementor-widget elementor-widget-spacer\" data-id=\"e6e1ad6\" data-element_type=\"widget\" data-e-type=\"widget\" data-widget_type=\"spacer.default\">\n\t\t\t\t<div class=\"elementor-widget-container\">\n\t\t\t\t\t\t\t<div class=\"elementor-spacer\">\n\t\t\t<div class=\"elementor-spacer-inner\"><\/div>\n\t\t<\/div>\n\t\t\t\t\t\t<\/div>\n\t\t\t\t<\/div>\n\t\t\t\t\t<\/div>\n\t\t<\/div>\n\t\t\t\t\t<\/div>\n\t\t<\/section>\n\t\t\t\t<section class=\"elementor-section elementor-top-section elementor-element elementor-element-18dc98b elementor-section-stretched scheme_dark sc_bg_mask_8 elementor-section-boxed elementor-section-height-default elementor-section-height-default sc_fly_static\" data-id=\"18dc98b\" data-element_type=\"section\" data-e-type=\"section\" data-settings=\"{&quot;stretch_section&quot;:&quot;section-stretched&quot;,&quot;background_background&quot;:&quot;classic&quot;}\">\n\t\t\t\t\t\t<div class=\"elementor-container elementor-column-gap-extended\">\n\t\t\t\t\t<div class=\"elementor-column elementor-col-25 elementor-top-column elementor-element elementor-element-f670349 sc_content_align_inherit sc_layouts_column_icons_position_left sc_fly_static\" data-id=\"f670349\" data-element_type=\"column\" data-e-type=\"column\">\n\t\t\t<div class=\"elementor-widget-wrap elementor-element-populated\">\n\t\t\t\t\t\t<div class=\"elementor-element elementor-element-61071e2 sc_fly_static elementor-widget elementor-widget-image\" data-id=\"61071e2\" data-element_type=\"widget\" data-e-type=\"widget\" data-widget_type=\"image.default\">\n\t\t\t\t<div class=\"elementor-widget-container\">\n\t\t\t\t\t\t\t\t\t\t\t\t\t\t\t<img fetchpriority=\"high\" decoding=\"async\" width=\"900\" height=\"600\" src=\"https:\/\/i0.wp.com\/auntierosechildcare.com\/wp-content\/uploads\/2023\/08\/jugando.jpg?fit=900%2C600&amp;ssl=1\" class=\"attachment-large size-large wp-image-254\" alt=\"\" srcset=\"https:\/\/i0.wp.com\/auntierosechildcare.com\/wp-content\/uploads\/2023\/08\/jugando.jpg?w=900&amp;ssl=1 900w, https:\/\/i0.wp.com\/auntierosechildcare.com\/wp-content\/uploads\/2023\/08\/jugando.jpg?resize=300%2C200&amp;ssl=1 300w, https:\/\/i0.wp.com\/auntierosechildcare.com\/wp-content\/uploads\/2023\/08\/jugando.jpg?resize=768%2C512&amp;ssl=1 768w, https:\/\/i0.wp.com\/auntierosechildcare.com\/wp-content\/uploads\/2023\/08\/jugando.jpg?resize=370%2C247&amp;ssl=1 370w, https:\/\/i0.wp.com\/auntierosechildcare.com\/wp-content\/uploads\/2023\/08\/jugando.jpg?resize=760%2C507&amp;ssl=1 760w\" sizes=\"(max-width: 900px) 100vw, 900px\" \/>\t\t\t\t\t\t\t\t\t\t\t\t\t\t\t<\/div>\n\t\t\t\t<\/div>\n\t\t\t\t\t<\/div>\n\t\t<\/div>\n\t\t\t\t<div class=\"elementor-column elementor-col-25 elementor-top-column elementor-element elementor-element-d808b27 sc_content_align_inherit sc_layouts_column_icons_position_left sc_fly_static\" data-id=\"d808b27\" data-element_type=\"column\" data-e-type=\"column\">\n\t\t\t<div class=\"elementor-widget-wrap elementor-element-populated\">\n\t\t\t\t\t\t<div class=\"elementor-element elementor-element-0bd35ce sc_fly_static elementor-widget elementor-widget-image\" data-id=\"0bd35ce\" data-element_type=\"widget\" data-e-type=\"widget\" data-widget_type=\"image.default\">\n\t\t\t\t<div class=\"elementor-widget-container\">\n\t\t\t\t\t\t\t\t\t\t\t\t\t\t\t<img decoding=\"async\" width=\"900\" height=\"600\" src=\"https:\/\/i0.wp.com\/auntierosechildcare.com\/wp-content\/uploads\/2023\/08\/biblioteca.jpg?fit=900%2C600&amp;ssl=1\" class=\"attachment-large size-large wp-image-256\" alt=\"\" srcset=\"https:\/\/i0.wp.com\/auntierosechildcare.com\/wp-content\/uploads\/2023\/08\/biblioteca.jpg?w=900&amp;ssl=1 900w, https:\/\/i0.wp.com\/auntierosechildcare.com\/wp-content\/uploads\/2023\/08\/biblioteca.jpg?resize=300%2C200&amp;ssl=1 300w, https:\/\/i0.wp.com\/auntierosechildcare.com\/wp-content\/uploads\/2023\/08\/biblioteca.jpg?resize=768%2C512&amp;ssl=1 768w, https:\/\/i0.wp.com\/auntierosechildcare.com\/wp-content\/uploads\/2023\/08\/biblioteca.jpg?resize=370%2C247&amp;ssl=1 370w, https:\/\/i0.wp.com\/auntierosechildcare.com\/wp-content\/uploads\/2023\/08\/biblioteca.jpg?resize=760%2C507&amp;ssl=1 760w\" sizes=\"(max-width: 900px) 100vw, 900px\" \/>\t\t\t\t\t\t\t\t\t\t\t\t\t\t\t<\/div>\n\t\t\t\t<\/div>\n\t\t\t\t\t<\/div>\n\t\t<\/div>\n\t\t\t\t<div class=\"elementor-column elementor-col-25 elementor-top-column elementor-element elementor-element-a38c4c0 sc_content_align_inherit sc_layouts_column_icons_position_left sc_fly_static\" data-id=\"a38c4c0\" data-element_type=\"column\" data-e-type=\"column\">\n\t\t\t<div class=\"elementor-widget-wrap elementor-element-populated\">\n\t\t\t\t\t\t<div class=\"elementor-element elementor-element-26fd10b sc_fly_static elementor-widget elementor-widget-image\" data-id=\"26fd10b\" data-element_type=\"widget\" data-e-type=\"widget\" data-widget_type=\"image.default\">\n\t\t\t\t<div class=\"elementor-widget-container\">\n\t\t\t\t\t\t\t\t\t\t\t\t\t\t\t<img decoding=\"async\" width=\"900\" height=\"600\" src=\"https:\/\/i0.wp.com\/auntierosechildcare.com\/wp-content\/uploads\/2023\/08\/summer.jpg?fit=900%2C600&amp;ssl=1\" class=\"attachment-large size-large wp-image-220\" alt=\"\" srcset=\"https:\/\/i0.wp.com\/auntierosechildcare.com\/wp-content\/uploads\/2023\/08\/summer.jpg?w=900&amp;ssl=1 900w, https:\/\/i0.wp.com\/auntierosechildcare.com\/wp-content\/uploads\/2023\/08\/summer.jpg?resize=300%2C200&amp;ssl=1 300w, https:\/\/i0.wp.com\/auntierosechildcare.com\/wp-content\/uploads\/2023\/08\/summer.jpg?resize=768%2C512&amp;ssl=1 768w, https:\/\/i0.wp.com\/auntierosechildcare.com\/wp-content\/uploads\/2023\/08\/summer.jpg?resize=370%2C247&amp;ssl=1 370w, https:\/\/i0.wp.com\/auntierosechildcare.com\/wp-content\/uploads\/2023\/08\/summer.jpg?resize=760%2C507&amp;ssl=1 760w\" sizes=\"(max-width: 900px) 100vw, 900px\" \/>\t\t\t\t\t\t\t\t\t\t\t\t\t\t\t<\/div>\n\t\t\t\t<\/div>\n\t\t\t\t\t<\/div>\n\t\t<\/div>\n\t\t\t\t<div class=\"elementor-column elementor-col-25 elementor-top-column elementor-element elementor-element-b334674 sc_content_align_inherit sc_layouts_column_icons_position_left sc_fly_static\" data-id=\"b334674\" data-element_type=\"column\" data-e-type=\"column\">\n\t\t\t<div class=\"elementor-widget-wrap elementor-element-populated\">\n\t\t\t\t\t\t<div class=\"elementor-element elementor-element-a62a54d sc_fly_static elementor-widget elementor-widget-image\" data-id=\"a62a54d\" data-element_type=\"widget\" data-e-type=\"widget\" data-widget_type=\"image.default\">\n\t\t\t\t<div class=\"elementor-widget-container\">\n\t\t\t\t\t\t\t\t\t\t\t\t\t\t\t<img loading=\"lazy\" decoding=\"async\" width=\"900\" height=\"600\" src=\"https:\/\/i0.wp.com\/auntierosechildcare.com\/wp-content\/uploads\/2023\/08\/juguete.jpg?fit=900%2C600&amp;ssl=1\" class=\"attachment-large size-large wp-image-255\" alt=\"\" srcset=\"https:\/\/i0.wp.com\/auntierosechildcare.com\/wp-content\/uploads\/2023\/08\/juguete.jpg?w=900&amp;ssl=1 900w, https:\/\/i0.wp.com\/auntierosechildcare.com\/wp-content\/uploads\/2023\/08\/juguete.jpg?resize=300%2C200&amp;ssl=1 300w, https:\/\/i0.wp.com\/auntierosechildcare.com\/wp-content\/uploads\/2023\/08\/juguete.jpg?resize=768%2C512&amp;ssl=1 768w, https:\/\/i0.wp.com\/auntierosechildcare.com\/wp-content\/uploads\/2023\/08\/juguete.jpg?resize=370%2C247&amp;ssl=1 370w, https:\/\/i0.wp.com\/auntierosechildcare.com\/wp-content\/uploads\/2023\/08\/juguete.jpg?resize=760%2C507&amp;ssl=1 760w\" sizes=\"(max-width: 900px) 100vw, 900px\" \/>\t\t\t\t\t\t\t\t\t\t\t\t\t\t\t<\/div>\n\t\t\t\t<\/div>\n\t\t\t\t\t<\/div>\n\t\t<\/div>\n\t\t\t\t\t<\/div>\n\t\t<\/section>\n\t\t\t\t<section class=\"elementor-section elementor-top-section elementor-element elementor-element-be8082c elementor-section-stretched scheme_dark sc_bg_mask_9 elementor-section-boxed elementor-section-height-default elementor-section-height-default sc_fly_static\" data-id=\"be8082c\" data-element_type=\"section\" data-e-type=\"section\" data-settings=\"{&quot;stretch_section&quot;:&quot;section-stretched&quot;,&quot;background_background&quot;:&quot;classic&quot;}\">\n\t\t\t\t\t\t<div class=\"elementor-container elementor-column-gap-extended\">\n\t\t\t\t\t<div class=\"elementor-column elementor-col-100 elementor-top-column elementor-element elementor-element-f9244fb sc_content_align_inherit sc_layouts_column_icons_position_left sc_fly_static\" data-id=\"f9244fb\" data-element_type=\"column\" data-e-type=\"column\">\n\t\t\t<div class=\"elementor-widget-wrap elementor-element-populated\">\n\t\t\t\t\t\t<div class=\"elementor-element elementor-element-ffc9b53 sc_fly_static elementor-widget elementor-widget-text-editor\" data-id=\"ffc9b53\" data-element_type=\"widget\" data-e-type=\"widget\" data-widget_type=\"text-editor.default\">\n\t\t\t\t<div class=\"elementor-widget-container\">\n\t\t\t\t\t\t\t\t\t<p><span style=\"color: #ffffff;\"><strong>Curriculum<\/strong><\/span><br \/><span style=\"color: #ffffff;\">Nuestro plan de estudios est\u00e1 dise\u00f1ado para ser pr\u00e1ctico y experiencial, con un enfoque en desarrollar habilidades esenciales como la resoluci\u00f3n de problemas, el pensamiento cr\u00edtico, la creatividad y el desarrollo socioemocional. Creemos que estas habilidades son esenciales para el \u00e9xito en la escuela y en la vida, y trabajamos para ayudar a los ni\u00f1os a desarrollarlas de manera divertida y atractiva. (CT ELDS)<\/span><\/p><p><span style=\"color: #ffffff;\"><strong>El Desarrollo es Medible<\/strong><\/span><br \/><span style=\"color: #ffffff;\">Usando DOTS, los maestros recolectan evidencia del desarrollo que va teniendo el ni\u00f1@. Luego completa una evaluaci\u00f3n que mide cada \u00e1rea del desarrollo, escribe un reporte y lo comparte con los padres de familia. Creemos que la familia debe estar envuelta en el proceso de desarrollo del nin@.<\/span><\/p><p><span style=\"color: #ffffff;\"><strong>Su ni\u00f1o(a) es \u00fanico(a)!<\/strong><\/span><\/p><p><span style=\"color: #ffffff;\">En nuestro centro de aprendizaje, entendemos que cada ni\u00f1o es diferente y que aprenden de diferentes maneras. Es por eso que proporcionamos una amplia gama de actividades y materiales que permiten a los ni\u00f1os explorar y aprender a su propio ritmo. Ya sea a trav\u00e9s del arte, la m\u00fasica, el teatro o la ciencia, creemos que cada ni\u00f1o tiene el potencial de aprender y crecer de manera \u00fanica.<\/span><\/p>\t\t\t\t\t\t\t\t<\/div>\n\t\t\t\t<\/div>\n\t\t\t\t\t<\/div>\n\t\t<\/div>\n\t\t\t\t\t<\/div>\n\t\t<\/section>\n\t\t\t\t<\/div>","protected":false},"excerpt":{"rendered":"<p>Learning Experience\u200b At our early childhood learning center, we believe that children learn best through play and exploration. We understand that children have a natural curiosity about the world around them, and&hellip;<\/p>","protected":false},"author":2,"featured_media":0,"parent":0,"menu_order":0,"comment_status":"closed","ping_status":"closed","template":"","meta":{"footnotes":""},"class_list":["post-245","page","type-page","status-publish","hentry"],"yoast_head":"<!-- This site is optimized with the Yoast SEO plugin v27.4 - https:\/\/yoast.com\/product\/yoast-seo-wordpress\/ -->\n<title>Learning Experience - AUNTIE ROSE CHILD CARE DEVELOPMENT CENTER<\/title>\n<meta name=\"robots\" content=\"index, follow, max-snippet:-1, max-image-preview:large, max-video-preview:-1\" \/>\n<link rel=\"canonical\" href=\"https:\/\/auntierosechildcare.com\/es\/learning-experience\/\" \/>\n<meta property=\"og:locale\" content=\"es_ES\" \/>\n<meta property=\"og:type\" content=\"article\" \/>\n<meta property=\"og:title\" content=\"Learning Experience - AUNTIE ROSE CHILD CARE DEVELOPMENT CENTER\" \/>\n<meta property=\"og:description\" content=\"Learning Experience\u200b At our early childhood learning center, we believe that children learn best through play and exploration. We understand that children have a natural curiosity about the world around them, and&hellip;\" \/>\n<meta property=\"og:url\" content=\"https:\/\/auntierosechildcare.com\/es\/learning-experience\/\" \/>\n<meta property=\"og:site_name\" content=\"AUNTIE ROSE CHILD CARE DEVELOPMENT CENTER\" \/>\n<meta property=\"article:modified_time\" content=\"2023-10-24T16:53:52+00:00\" \/>\n<meta property=\"og:image\" content=\"https:\/\/auntierosechildcare.com\/wp-content\/uploads\/2023\/08\/jugando.jpg\" \/>\n<meta name=\"twitter:card\" content=\"summary_large_image\" \/>\n<meta name=\"twitter:label1\" content=\"Tiempo de lectura\" \/>\n\t<meta name=\"twitter:data1\" content=\"2 minutos\" \/>\n<script type=\"application\/ld+json\" class=\"yoast-schema-graph\">{\"@context\":\"https:\\\/\\\/schema.org\",\"@graph\":[{\"@type\":\"WebPage\",\"@id\":\"https:\\\/\\\/auntierosechildcare.com\\\/learning-experience\\\/\",\"url\":\"https:\\\/\\\/auntierosechildcare.com\\\/learning-experience\\\/\",\"name\":\"Learning Experience - AUNTIE ROSE CHILD CARE DEVELOPMENT CENTER\",\"isPartOf\":{\"@id\":\"https:\\\/\\\/auntierosechildcare.com\\\/#website\"},\"primaryImageOfPage\":{\"@id\":\"https:\\\/\\\/auntierosechildcare.com\\\/learning-experience\\\/#primaryimage\"},\"image\":{\"@id\":\"https:\\\/\\\/auntierosechildcare.com\\\/learning-experience\\\/#primaryimage\"},\"thumbnailUrl\":\"https:\\\/\\\/auntierosechildcare.com\\\/wp-content\\\/uploads\\\/2023\\\/08\\\/jugando.jpg\",\"datePublished\":\"2023-08-17T20:57:28+00:00\",\"dateModified\":\"2023-10-24T16:53:52+00:00\",\"breadcrumb\":{\"@id\":\"https:\\\/\\\/auntierosechildcare.com\\\/learning-experience\\\/#breadcrumb\"},\"inLanguage\":\"es\",\"potentialAction\":[{\"@type\":\"ReadAction\",\"target\":[\"https:\\\/\\\/auntierosechildcare.com\\\/learning-experience\\\/\"]}]},{\"@type\":\"ImageObject\",\"inLanguage\":\"es\",\"@id\":\"https:\\\/\\\/auntierosechildcare.com\\\/learning-experience\\\/#primaryimage\",\"url\":\"https:\\\/\\\/auntierosechildcare.com\\\/wp-content\\\/uploads\\\/2023\\\/08\\\/jugando.jpg\",\"contentUrl\":\"https:\\\/\\\/auntierosechildcare.com\\\/wp-content\\\/uploads\\\/2023\\\/08\\\/jugando.jpg\"},{\"@type\":\"BreadcrumbList\",\"@id\":\"https:\\\/\\\/auntierosechildcare.com\\\/learning-experience\\\/#breadcrumb\",\"itemListElement\":[{\"@type\":\"ListItem\",\"position\":1,\"name\":\"Home\",\"item\":\"https:\\\/\\\/auntierosechildcare.com\\\/\"},{\"@type\":\"ListItem\",\"position\":2,\"name\":\"Learning Experience\"}]},{\"@type\":\"WebSite\",\"@id\":\"https:\\\/\\\/auntierosechildcare.com\\\/#website\",\"url\":\"https:\\\/\\\/auntierosechildcare.com\\\/\",\"name\":\"AUNTIE ROSE CHILD CARE DEVELOPMENT CENTER\",\"description\":\"Los ni\u00f1os aprenden mejor cuando participan activamente en el proceso de aprendizaje\",\"publisher\":{\"@id\":\"https:\\\/\\\/auntierosechildcare.com\\\/#organization\"},\"potentialAction\":[{\"@type\":\"SearchAction\",\"target\":{\"@type\":\"EntryPoint\",\"urlTemplate\":\"https:\\\/\\\/auntierosechildcare.com\\\/?s={search_term_string}\"},\"query-input\":{\"@type\":\"PropertyValueSpecification\",\"valueRequired\":true,\"valueName\":\"search_term_string\"}}],\"inLanguage\":\"es\"},{\"@type\":\"Organization\",\"@id\":\"https:\\\/\\\/auntierosechildcare.com\\\/#organization\",\"name\":\"AUNTIE ROSE CHILD CARE DEVELOPMENT CENTER\",\"url\":\"https:\\\/\\\/auntierosechildcare.com\\\/\",\"logo\":{\"@type\":\"ImageObject\",\"inLanguage\":\"es\",\"@id\":\"https:\\\/\\\/auntierosechildcare.com\\\/#\\\/schema\\\/logo\\\/image\\\/\",\"url\":\"https:\\\/\\\/i0.wp.com\\\/auntierosechildcare.com\\\/wp-content\\\/uploads\\\/2023\\\/08\\\/logo.png?fit=948%2C709&ssl=1\",\"contentUrl\":\"https:\\\/\\\/i0.wp.com\\\/auntierosechildcare.com\\\/wp-content\\\/uploads\\\/2023\\\/08\\\/logo.png?fit=948%2C709&ssl=1\",\"width\":948,\"height\":709,\"caption\":\"AUNTIE ROSE CHILD CARE DEVELOPMENT CENTER\"},\"image\":{\"@id\":\"https:\\\/\\\/auntierosechildcare.com\\\/#\\\/schema\\\/logo\\\/image\\\/\"}}]}<\/script>\n<!-- \/ Yoast SEO plugin. -->","yoast_head_json":{"title":"Learning Experience - AUNTIE ROSE CHILD CARE DEVELOPMENT CENTER","robots":{"index":"index","follow":"follow","max-snippet":"max-snippet:-1","max-image-preview":"max-image-preview:large","max-video-preview":"max-video-preview:-1"},"canonical":"https:\/\/auntierosechildcare.com\/es\/learning-experience\/","og_locale":"es_ES","og_type":"article","og_title":"Learning Experience - AUNTIE ROSE CHILD CARE DEVELOPMENT CENTER","og_description":"Learning Experience\u200b At our early childhood learning center, we believe that children learn best through play and exploration. We understand that children have a natural curiosity about the world around them, and&hellip;","og_url":"https:\/\/auntierosechildcare.com\/es\/learning-experience\/","og_site_name":"AUNTIE ROSE CHILD CARE DEVELOPMENT CENTER","article_modified_time":"2023-10-24T16:53:52+00:00","og_image":[{"url":"https:\/\/auntierosechildcare.com\/wp-content\/uploads\/2023\/08\/jugando.jpg","type":"","width":"","height":""}],"twitter_card":"summary_large_image","twitter_misc":{"Tiempo de lectura":"2 minutos"},"schema":{"@context":"https:\/\/schema.org","@graph":[{"@type":"WebPage","@id":"https:\/\/auntierosechildcare.com\/learning-experience\/","url":"https:\/\/auntierosechildcare.com\/learning-experience\/","name":"Learning Experience - AUNTIE ROSE CHILD CARE DEVELOPMENT CENTER","isPartOf":{"@id":"https:\/\/auntierosechildcare.com\/#website"},"primaryImageOfPage":{"@id":"https:\/\/auntierosechildcare.com\/learning-experience\/#primaryimage"},"image":{"@id":"https:\/\/auntierosechildcare.com\/learning-experience\/#primaryimage"},"thumbnailUrl":"https:\/\/auntierosechildcare.com\/wp-content\/uploads\/2023\/08\/jugando.jpg","datePublished":"2023-08-17T20:57:28+00:00","dateModified":"2023-10-24T16:53:52+00:00","breadcrumb":{"@id":"https:\/\/auntierosechildcare.com\/learning-experience\/#breadcrumb"},"inLanguage":"es","potentialAction":[{"@type":"ReadAction","target":["https:\/\/auntierosechildcare.com\/learning-experience\/"]}]},{"@type":"ImageObject","inLanguage":"es","@id":"https:\/\/auntierosechildcare.com\/learning-experience\/#primaryimage","url":"https:\/\/auntierosechildcare.com\/wp-content\/uploads\/2023\/08\/jugando.jpg","contentUrl":"https:\/\/auntierosechildcare.com\/wp-content\/uploads\/2023\/08\/jugando.jpg"},{"@type":"BreadcrumbList","@id":"https:\/\/auntierosechildcare.com\/learning-experience\/#breadcrumb","itemListElement":[{"@type":"ListItem","position":1,"name":"Home","item":"https:\/\/auntierosechildcare.com\/"},{"@type":"ListItem","position":2,"name":"Learning Experience"}]},{"@type":"WebSite","@id":"https:\/\/auntierosechildcare.com\/#website","url":"https:\/\/auntierosechildcare.com\/","name":"AUNTIE ROSE CHILD CARE DEVELOPMENT CENTER","description":"Los ni\u00f1os aprenden mejor cuando participan activamente en el proceso de aprendizaje","publisher":{"@id":"https:\/\/auntierosechildcare.com\/#organization"},"potentialAction":[{"@type":"SearchAction","target":{"@type":"EntryPoint","urlTemplate":"https:\/\/auntierosechildcare.com\/?s={search_term_string}"},"query-input":{"@type":"PropertyValueSpecification","valueRequired":true,"valueName":"search_term_string"}}],"inLanguage":"es"},{"@type":"Organization","@id":"https:\/\/auntierosechildcare.com\/#organization","name":"AUNTIE ROSE CHILD CARE DEVELOPMENT CENTER","url":"https:\/\/auntierosechildcare.com\/","logo":{"@type":"ImageObject","inLanguage":"es","@id":"https:\/\/auntierosechildcare.com\/#\/schema\/logo\/image\/","url":"https:\/\/i0.wp.com\/auntierosechildcare.com\/wp-content\/uploads\/2023\/08\/logo.png?fit=948%2C709&ssl=1","contentUrl":"https:\/\/i0.wp.com\/auntierosechildcare.com\/wp-content\/uploads\/2023\/08\/logo.png?fit=948%2C709&ssl=1","width":948,"height":709,"caption":"AUNTIE ROSE CHILD CARE DEVELOPMENT CENTER"},"image":{"@id":"https:\/\/auntierosechildcare.com\/#\/schema\/logo\/image\/"}}]}},"jetpack_sharing_enabled":true,"_links":{"self":[{"href":"https:\/\/auntierosechildcare.com\/es\/wp-json\/wp\/v2\/pages\/245","targetHints":{"allow":["GET"]}}],"collection":[{"href":"https:\/\/auntierosechildcare.com\/es\/wp-json\/wp\/v2\/pages"}],"about":[{"href":"https:\/\/auntierosechildcare.com\/es\/wp-json\/wp\/v2\/types\/page"}],"author":[{"embeddable":true,"href":"https:\/\/auntierosechildcare.com\/es\/wp-json\/wp\/v2\/users\/2"}],"replies":[{"embeddable":true,"href":"https:\/\/auntierosechildcare.com\/es\/wp-json\/wp\/v2\/comments?post=245"}],"version-history":[{"count":20,"href":"https:\/\/auntierosechildcare.com\/es\/wp-json\/wp\/v2\/pages\/245\/revisions"}],"predecessor-version":[{"id":368,"href":"https:\/\/auntierosechildcare.com\/es\/wp-json\/wp\/v2\/pages\/245\/revisions\/368"}],"wp:attachment":[{"href":"https:\/\/auntierosechildcare.com\/es\/wp-json\/wp\/v2\/media?parent=245"}],"curies":[{"name":"wp","href":"https:\/\/api.w.org\/{rel}","templated":true}]}}